{"id":6756,"date":"2022-01-10T14:56:32","date_gmt":"2022-01-10T13:56:32","guid":{"rendered":"https:\/\/www.bernhard-tewes.com\/imprimir\/"},"modified":"2024-08-06T15:48:07","modified_gmt":"2024-08-06T13:48:07","slug":"creditos-de-la-web-e-informacion-legal","status":"publish","type":"page","link":"https:\/\/www.bernhard-tewes.com\/es\/creditos-de-la-web-e-informacion-legal\/","title":{"rendered":"Cr\u00e9ditos de la web e informaci\u00f3n legal"},"content":{"rendered":"<p>[et_pb_section fb_built=\u00bb1&#8243; _builder_version=\u00bb4.16&#8243; global_colors_info=\u00bb{}\u00bb][et_pb_row _builder_version=\u00bb4.16&#8243; background_size=\u00bbinitial\u00bb background_position=\u00bbtop_left\u00bb background_repeat=\u00bbrepeat\u00bb global_colors_info=\u00bb{}\u00bb][et_pb_column type=\u00bb4_4&#8243; _builder_version=\u00bb4.16&#8243; custom_padding=\u00bb|||\u00bb global_colors_info=\u00bb{}\u00bb custom_padding__hover=\u00bb|||\u00bb][et_pb_text _builder_version=\u00bb4.27.0&#8243; background_size=\u00bbinitial\u00bb background_position=\u00bbtop_left\u00bb background_repeat=\u00bbrepeat\u00bb hover_enabled=\u00bb0&#8243; global_colors_info=\u00bb{}\u00bb sticky_enabled=\u00bb0&#8243;]<\/p>\n<h1>Cr\u00e9ditos de la web e informaci\u00f3n legal<\/h1>\n<p>Bernhard Tewes (practicante alternativo de psicoterapia, hipnoterapia)<br \/>Plaza de San Petersburgo 3<br \/>10249 Berl\u00edn<\/p>\n<h3>Contacto<\/h3>\n<p>Tel\u00e9fono: 030 91701944<br \/>Correo electr\u00f3nico: <a href=\"mailto:&#105;&#110;&#102;&#111;&#064;&#098;&#101;&#114;&#110;&#104;&#097;&#114;&#100;&#045;&#116;&#101;&#119;&#101;&#115;&#046;&#099;&#111;&#109;\">&#105;&#110;&#102;&#111;&#064;&#098;&#101;&#114;&#110;&#104;&#097;&#114;&#100;&#045;&#116;&#101;&#119;&#101;&#115;&#046;&#099;&#111;&#109;<\/a><\/p>\n<h3>Identificaci\u00f3n del impuesto<\/h3>\n<p>N\u00famero de identificaci\u00f3n del impuesto sobre las ventas de acuerdo con el \u00a7 27 de la ley del impuesto sobre las ventas:<br \/>DE290730797<\/p>\n<h3>Responsabilidad editorial<\/h3>\n<p> Bernhard Tewes<br \/>Plaza de San Petersburgo 3<br \/>10249 Berl\u00edn<\/p>\n<h3>t\u00edtulo profesional<\/h3>\n<p> Terapeuta para psicoterapia de acuerdo con la Heilpraktikergesetz (Heilpraktikergesetz) (Licencia de sanidad como m\u00e9dico no facultativo limitada al campo de la psicoterapia: Licencia para ejercer la medicina de acuerdo con el art\u00edculo 1 (1) de la Gesetz \u00fcber die Aus\u00fcbung der Heilkunde ohne Bestallung (Heilpraktikergesetz) de 17.2.1939 (RGBI. I p. 251, BGBI. III 2122-2).2.1939 (RGBI. I p. 251, BGBI. III 2122-2) como profesional no m\u00e9dico limitado al \u00e1mbito de la psicoterapia fue concedida el 20.06.2014 por la autoridad sanitaria de la oficina del distrito de Lichtenberg\/Hohensch\u00f6nhausen de Berl\u00edn). Enlace a la ley sobre el ejercicio profesional de la medicina sin autorizaci\u00f3n: <a href=\"http:\/\/www.gesetze-im-internet.de\/heilprg\/BJNR002510939.html\" target=\"_blank\" rel=\"noreferrer noopener\">Heilpraktikergesetz<\/a><\/p>\n<h3>Autoridad competente<\/h3>\n<p> Departamento de salud de la oficina del distrito de Friedrichshain\/Kreuzberg, centro de salud Curt Bejach, Urbanstra\u00dfe 24, 10967 Berl\u00edn<\/p>\n<h3>base profesional<\/h3>\n<p> C\u00f3digo Profesional para Practicantes Alternativos (BOH)<\/p>\n<h3>asociaciones profesionales<\/h3>\n<p> Asociaci\u00f3n Alemana de Hipnosis eV<\/p>\n<p> Asociaci\u00f3n Profesional de Hipnoterapeutas eV<\/p>\n<p> Gremio Nacional de Hipnotizadores<\/p>\n<h3>Referencias de im\u00e1genes y gr\u00e1ficos<\/h3>\n<p>\u00a9 Adobe Stock \u2013 <a href=\"https:\/\/stock.adobe.com\/\">https:\/\/stock.adobe.com<\/a><\/p>\n<p>\u00a9 Ronny Bartel<\/p>\n<h3>Soluci\u00f3n de controversias de la UE<\/h3>\n<p> La Comisi\u00f3n Europea proporciona una plataforma para la resoluci\u00f3n de disputas (OS) en l\u00ednea: <a href=\"https:\/\/ec.europa.eu\/consumers\/odr\/\" target=\"_blank\" rel=\"noreferrer noopener\">https:\/\/ec.europa.eu\/consumers\/odr\/<\/a> .<br \/>Nuestra direcci\u00f3n de correo electr\u00f3nico se puede encontrar arriba en la impresi\u00f3n.<\/p>\n<h3>Resoluci\u00f3n de disputas del consumidor\/Junta de arbitraje universal<\/h3>\n<p> No estamos dispuestos ni obligados a participar en procedimientos de resoluci\u00f3n de disputas ante una junta de arbitraje de consumidores.<\/p>\n<p> [\/et_pb_text][\/et_pb_column][\/et_pb_row][\/et_pb_section]<\/p>\n","protected":false},"excerpt":{"rendered":"<p>Cr\u00e9ditos de la web e informaci\u00f3n legal Bernhard Tewes (practicante alternativo de psicoterapia, hipnoterapia)Plaza de San Petersburgo 310249 Berl\u00edn Contacto Tel\u00e9fono: 030 91701944Correo electr\u00f3nico: &#105;&#110;&#102;&#111;&#064;&#098;&#101;&#114;&#110;&#104;&#097;&#114;&#100;&#045;&#116;&#101;&#119;&#101;&#115;&#046;&#099;&#111;&#109; Identificaci\u00f3n del impuesto N\u00famero de identificaci\u00f3n del impuesto sobre las ventas de acuerdo con el \u00a7 27 de la ley del impuesto sobre las ventas:DE290730797 Responsabilidad editorial Bernhard TewesPlaza de [&hellip;]<\/p>\n","protected":false},"author":1,"featured_media":0,"parent":0,"menu_order":0,"comment_status":"closed","ping_status":"closed","template":"","meta":{"_et_pb_use_builder":"on","_et_pb_old_content":"","_et_gb_content_width":"","footnotes":""},"class_list":["post-6756","page","type-page","status-publish","hentry"],"yoast_head":"<!-- This site is optimized with the Yoast SEO plugin v27.5 - https:\/\/yoast.com\/product\/yoast-seo-wordpress\/ -->\n<title>Cr\u00e9ditos de la web e informaci\u00f3n legal - Bernhard Tewes<\/title>\n<meta name=\"robots\" content=\"index, follow, max-snippet:-1, max-image-preview:large, max-video-preview:-1\" \/>\n<link rel=\"canonical\" href=\"https:\/\/www.bernhard-tewes.com\/es\/creditos-de-la-web-e-informacion-legal\/\" \/>\n<meta property=\"og:locale\" content=\"es_ES\" \/>\n<meta property=\"og:type\" content=\"article\" \/>\n<meta property=\"og:title\" content=\"Cr\u00e9ditos de la web e informaci\u00f3n legal - Bernhard Tewes\" \/>\n<meta property=\"og:description\" content=\"Cr\u00e9ditos de la web e informaci\u00f3n legal Bernhard Tewes (practicante alternativo de psicoterapia, hipnoterapia)Plaza de San Petersburgo 310249 Berl\u00edn Contacto Tel\u00e9fono: 030 91701944Correo electr\u00f3nico: &#105;&#110;&#102;&#111;&#064;&#098;&#101;&#114;&#110;&#104;&#097;&#114;&#100;&#045;&#116;&#101;&#119;&#101;&#115;&#046;&#099;&#111;&#109; Identificaci\u00f3n del impuesto N\u00famero de identificaci\u00f3n del impuesto sobre las ventas de acuerdo con el \u00a7 27 de la ley del impuesto sobre las ventas:DE290730797 Responsabilidad editorial Bernhard TewesPlaza de [&hellip;]\" \/>\n<meta property=\"og:url\" content=\"https:\/\/www.bernhard-tewes.com\/es\/creditos-de-la-web-e-informacion-legal\/\" \/>\n<meta property=\"og:site_name\" content=\"Bernhard Tewes\" \/>\n<meta property=\"article:publisher\" content=\"https:\/\/www.facebook.com\/bernhard.tewes.hypnosis\/\" \/>\n<meta property=\"article:modified_time\" content=\"2024-08-06T13:48:07+00:00\" \/>\n<meta property=\"og:image\" content=\"https:\/\/www.bernhard-tewes.com\/wp-content\/uploads\/2022\/02\/og-image-bernhard_landscape.jpg\" \/>\n\t<meta property=\"og:image:width\" content=\"1200\" \/>\n\t<meta property=\"og:image:height\" content=\"630\" \/>\n\t<meta property=\"og:image:type\" content=\"image\/jpeg\" \/>\n<meta name=\"twitter:card\" content=\"summary_large_image\" \/>\n<meta name=\"twitter:label1\" content=\"Tiempo de lectura\" \/>\n\t<meta name=\"twitter:data1\" content=\"2 minutos\" \/>\n<script type=\"application\/ld+json\" class=\"yoast-schema-graph\">{\"@context\":\"https:\\\/\\\/schema.org\",\"@graph\":[{\"@type\":\"WebPage\",\"@id\":\"https:\\\/\\\/www.bernhard-tewes.com\\\/es\\\/creditos-de-la-web-e-informacion-legal\\\/\",\"url\":\"https:\\\/\\\/www.bernhard-tewes.com\\\/es\\\/creditos-de-la-web-e-informacion-legal\\\/\",\"name\":\"Cr\u00e9ditos de la web e informaci\u00f3n legal - Bernhard Tewes\",\"isPartOf\":{\"@id\":\"https:\\\/\\\/www.bernhard-tewes.com\\\/es\\\/#website\"},\"datePublished\":\"2022-01-10T13:56:32+00:00\",\"dateModified\":\"2024-08-06T13:48:07+00:00\",\"breadcrumb\":{\"@id\":\"https:\\\/\\\/www.bernhard-tewes.com\\\/es\\\/creditos-de-la-web-e-informacion-legal\\\/#breadcrumb\"},\"inLanguage\":\"es\",\"potentialAction\":[{\"@type\":\"ReadAction\",\"target\":[\"https:\\\/\\\/www.bernhard-tewes.com\\\/es\\\/creditos-de-la-web-e-informacion-legal\\\/\"]}]},{\"@type\":\"BreadcrumbList\",\"@id\":\"https:\\\/\\\/www.bernhard-tewes.com\\\/es\\\/creditos-de-la-web-e-informacion-legal\\\/#breadcrumb\",\"itemListElement\":[{\"@type\":\"ListItem\",\"position\":1,\"name\":\"Startseite\",\"item\":\"https:\\\/\\\/www.bernhard-tewes.com\\\/es\\\/\"},{\"@type\":\"ListItem\",\"position\":2,\"name\":\"Cr\u00e9ditos de la web e informaci\u00f3n legal\"}]},{\"@type\":\"WebSite\",\"@id\":\"https:\\\/\\\/www.bernhard-tewes.com\\\/es\\\/#website\",\"url\":\"https:\\\/\\\/www.bernhard-tewes.com\\\/es\\\/\",\"name\":\"Bernhard Tewes\",\"description\":\"Der Hypnose-Experte in Deutschland\",\"publisher\":{\"@id\":\"https:\\\/\\\/www.bernhard-tewes.com\\\/es\\\/#organization\"},\"potentialAction\":[{\"@type\":\"SearchAction\",\"target\":{\"@type\":\"EntryPoint\",\"urlTemplate\":\"https:\\\/\\\/www.bernhard-tewes.com\\\/es\\\/?s={search_term_string}\"},\"query-input\":{\"@type\":\"PropertyValueSpecification\",\"valueRequired\":true,\"valueName\":\"search_term_string\"}}],\"inLanguage\":\"es\"},{\"@type\":\"Organization\",\"@id\":\"https:\\\/\\\/www.bernhard-tewes.com\\\/es\\\/#organization\",\"name\":\"Bernhard Tewes\",\"url\":\"https:\\\/\\\/www.bernhard-tewes.com\\\/es\\\/\",\"logo\":{\"@type\":\"ImageObject\",\"inLanguage\":\"es\",\"@id\":\"https:\\\/\\\/www.bernhard-tewes.com\\\/es\\\/#\\\/schema\\\/logo\\\/image\\\/\",\"url\":\"https:\\\/\\\/www.bernhard-tewes.com\\\/wp-content\\\/uploads\\\/2021\\\/12\\\/Logo_Personenmarke_Tewes_Orange.png\",\"contentUrl\":\"https:\\\/\\\/www.bernhard-tewes.com\\\/wp-content\\\/uploads\\\/2021\\\/12\\\/Logo_Personenmarke_Tewes_Orange.png\",\"width\":142,\"height\":142,\"caption\":\"Bernhard Tewes\"},\"image\":{\"@id\":\"https:\\\/\\\/www.bernhard-tewes.com\\\/es\\\/#\\\/schema\\\/logo\\\/image\\\/\"},\"sameAs\":[\"https:\\\/\\\/www.facebook.com\\\/bernhard.tewes.hypnosis\\\/\",\"https:\\\/\\\/www.instagram.com\\\/bernhard.tewes.berlin\\\/\"]}]}<\/script>\n<!-- \/ Yoast SEO plugin. -->","yoast_head_json":{"title":"Cr\u00e9ditos de la web e informaci\u00f3n legal - Bernhard Tewes","robots":{"index":"index","follow":"follow","max-snippet":"max-snippet:-1","max-image-preview":"max-image-preview:large","max-video-preview":"max-video-preview:-1"},"canonical":"https:\/\/www.bernhard-tewes.com\/es\/creditos-de-la-web-e-informacion-legal\/","og_locale":"es_ES","og_type":"article","og_title":"Cr\u00e9ditos de la web e informaci\u00f3n legal - Bernhard Tewes","og_description":"Cr\u00e9ditos de la web e informaci\u00f3n legal Bernhard Tewes (practicante alternativo de psicoterapia, hipnoterapia)Plaza de San Petersburgo 310249 Berl\u00edn Contacto Tel\u00e9fono: 030 91701944Correo electr\u00f3nico: &#105;&#110;&#102;&#111;&#064;&#098;&#101;&#114;&#110;&#104;&#097;&#114;&#100;&#045;&#116;&#101;&#119;&#101;&#115;&#046;&#099;&#111;&#109; Identificaci\u00f3n del impuesto N\u00famero de identificaci\u00f3n del impuesto sobre las ventas de acuerdo con el \u00a7 27 de la ley del impuesto sobre las ventas:DE290730797 Responsabilidad editorial Bernhard TewesPlaza de [&hellip;]","og_url":"https:\/\/www.bernhard-tewes.com\/es\/creditos-de-la-web-e-informacion-legal\/","og_site_name":"Bernhard Tewes","article_publisher":"https:\/\/www.facebook.com\/bernhard.tewes.hypnosis\/","article_modified_time":"2024-08-06T13:48:07+00:00","og_image":[{"width":1200,"height":630,"url":"https:\/\/www.bernhard-tewes.com\/wp-content\/uploads\/2022\/02\/og-image-bernhard_landscape.jpg","type":"image\/jpeg"}],"twitter_card":"summary_large_image","twitter_misc":{"Tiempo de lectura":"2 minutos"},"schema":{"@context":"https:\/\/schema.org","@graph":[{"@type":"WebPage","@id":"https:\/\/www.bernhard-tewes.com\/es\/creditos-de-la-web-e-informacion-legal\/","url":"https:\/\/www.bernhard-tewes.com\/es\/creditos-de-la-web-e-informacion-legal\/","name":"Cr\u00e9ditos de la web e informaci\u00f3n legal - Bernhard Tewes","isPartOf":{"@id":"https:\/\/www.bernhard-tewes.com\/es\/#website"},"datePublished":"2022-01-10T13:56:32+00:00","dateModified":"2024-08-06T13:48:07+00:00","breadcrumb":{"@id":"https:\/\/www.bernhard-tewes.com\/es\/creditos-de-la-web-e-informacion-legal\/#breadcrumb"},"inLanguage":"es","potentialAction":[{"@type":"ReadAction","target":["https:\/\/www.bernhard-tewes.com\/es\/creditos-de-la-web-e-informacion-legal\/"]}]},{"@type":"BreadcrumbList","@id":"https:\/\/www.bernhard-tewes.com\/es\/creditos-de-la-web-e-informacion-legal\/#breadcrumb","itemListElement":[{"@type":"ListItem","position":1,"name":"Startseite","item":"https:\/\/www.bernhard-tewes.com\/es\/"},{"@type":"ListItem","position":2,"name":"Cr\u00e9ditos de la web e informaci\u00f3n legal"}]},{"@type":"WebSite","@id":"https:\/\/www.bernhard-tewes.com\/es\/#website","url":"https:\/\/www.bernhard-tewes.com\/es\/","name":"Bernhard Tewes","description":"Der Hypnose-Experte in Deutschland","publisher":{"@id":"https:\/\/www.bernhard-tewes.com\/es\/#organization"},"potentialAction":[{"@type":"SearchAction","target":{"@type":"EntryPoint","urlTemplate":"https:\/\/www.bernhard-tewes.com\/es\/?s={search_term_string}"},"query-input":{"@type":"PropertyValueSpecification","valueRequired":true,"valueName":"search_term_string"}}],"inLanguage":"es"},{"@type":"Organization","@id":"https:\/\/www.bernhard-tewes.com\/es\/#organization","name":"Bernhard Tewes","url":"https:\/\/www.bernhard-tewes.com\/es\/","logo":{"@type":"ImageObject","inLanguage":"es","@id":"https:\/\/www.bernhard-tewes.com\/es\/#\/schema\/logo\/image\/","url":"https:\/\/www.bernhard-tewes.com\/wp-content\/uploads\/2021\/12\/Logo_Personenmarke_Tewes_Orange.png","contentUrl":"https:\/\/www.bernhard-tewes.com\/wp-content\/uploads\/2021\/12\/Logo_Personenmarke_Tewes_Orange.png","width":142,"height":142,"caption":"Bernhard Tewes"},"image":{"@id":"https:\/\/www.bernhard-tewes.com\/es\/#\/schema\/logo\/image\/"},"sameAs":["https:\/\/www.facebook.com\/bernhard.tewes.hypnosis\/","https:\/\/www.instagram.com\/bernhard.tewes.berlin\/"]}]}},"_links":{"self":[{"href":"https:\/\/www.bernhard-tewes.com\/es\/wp-json\/wp\/v2\/pages\/6756","targetHints":{"allow":["GET"]}}],"collection":[{"href":"https:\/\/www.bernhard-tewes.com\/es\/wp-json\/wp\/v2\/pages"}],"about":[{"href":"https:\/\/www.bernhard-tewes.com\/es\/wp-json\/wp\/v2\/types\/page"}],"author":[{"embeddable":true,"href":"https:\/\/www.bernhard-tewes.com\/es\/wp-json\/wp\/v2\/users\/1"}],"replies":[{"embeddable":true,"href":"https:\/\/www.bernhard-tewes.com\/es\/wp-json\/wp\/v2\/comments?post=6756"}],"version-history":[{"count":13,"href":"https:\/\/www.bernhard-tewes.com\/es\/wp-json\/wp\/v2\/pages\/6756\/revisions"}],"predecessor-version":[{"id":7944,"href":"https:\/\/www.bernhard-tewes.com\/es\/wp-json\/wp\/v2\/pages\/6756\/revisions\/7944"}],"wp:attachment":[{"href":"https:\/\/www.bernhard-tewes.com\/es\/wp-json\/wp\/v2\/media?parent=6756"}],"curies":[{"name":"wp","href":"https:\/\/api.w.org\/{rel}","templated":true}]}}